{"id":19504,"date":"2019-04-20T15:44:19","date_gmt":"2019-04-20T13:44:19","guid":{"rendered":"https:\/\/www.euhabitat.com\/?page_id=19504"},"modified":"2023-10-15T18:39:53","modified_gmt":"2023-10-15T16:39:53","slug":"leistungen","status":"publish","type":"page","link":"https:\/\/www.euhabitat.com\/de\/so-funktionierts\/","title":{"rendered":"So funktioniert&#8217;s"},"content":{"rendered":"<p><div class=\"fusion-fullwidth fullwidth-box fusion-builder-row-1 fusion-flex-container has-pattern-background has-mask-background nonhundred-percent-fullwidth non-hundred-percent-height-scrolling\" style=\"background-color: rgba(255,255,255,0);background-position: center center;background-repeat: no-repeat;border-width: 0px 0px 0px 0px;border-color:var(--awb-color3);border-style:solid;\" ><div class=\"fusion-builder-row fusion-row fusion-flex-align-items-flex-start\" style=\"max-width:1248px;margin-left: calc(-4% \/ 2 );margin-right: calc(-4% \/ 2 );\"><div class=\"fusion-layout-column fusion_builder_column fusion-builder-column-0 fusion_builder_column_1_1 1_1 fusion-flex-column\"><div class=\"fusion-column-wrapper fusion-flex-justify-content-flex-start fusion-content-layout-column\" style=\"background-position:left top;background-repeat:no-repeat;-webkit-background-size:cover;-moz-background-size:cover;-o-background-size:cover;background-size:cover;padding: 0px 0px 0px 0px;\"><style type=\"text\/css\">@media only screen and (max-width:1024px) {.fusion-title.fusion-title-1{margin-top:10px!important; margin-right:0px!important;margin-bottom:15px!important;margin-left:0px!important;}}@media only screen and (max-width:768px) {.fusion-title.fusion-title-1{margin-top:10px!important; margin-right:0px!important;margin-bottom:10px!important; margin-left:0px!important;}}<\/style><div class=\"fusion-title title fusion-title-1 fusion-sep-none fusion-title-text fusion-title-size-one\" style=\"margin-top:10px;margin-right:0px;margin-bottom:15px;margin-left:0px;\"><h1 class=\"title-heading-left fusion-responsive-typography-calculated\" style=\"margin:0;--fontSize:37.5;line-height:var(--awb-typography1-line-height);\">Mieten: so funktioniert\u2019s<\/h1><\/div><div class=\"fusion-text fusion-text-1\"><p>Sch\u00f6ne, individuelle Wohnungen \u2013 m\u00f6bliert und vollausgestattet \u2013 von Agenturen betreut:<\/p>\n<p>die beste Auswahl in den genannten Grosst\u00e4dten finden Sie hier bei euhabitat: Verifizierte Wohnungen von den Premium-Agenturen vor Ort<\/p>\n<\/div><\/div><style type=\"text\/css\">.fusion-body .fusion-builder-column-0{width:100% !important;margin-top : 0px;margin-bottom : 0px;}.fusion-builder-column-0 > .fusion-column-wrapper {padding-top : 0px !important;padding-right : 0px !important;margin-right : 1.92%;padding-bottom : 0px !important;padding-left : 0px !important;margin-left : 1.92%;}@media only screen and (max-width:1024px) {.fusion-body .fusion-builder-column-0{width:100% !important;order : 0;}.fusion-builder-column-0 > .fusion-column-wrapper {margin-right : 1.92%;margin-left : 1.92%;}}@media only screen and (max-width:768px) {.fusion-body .fusion-builder-column-0{width:100% !important;order : 0;}.fusion-builder-column-0 > .fusion-column-wrapper {margin-right : 1.92%;margin-left : 1.92%;}}<\/style><\/div><\/div><style type=\"text\/css\">.fusion-body .fusion-flex-container.fusion-builder-row-1{ padding-top : 3em;margin-top : 0px;padding-right : 0px;padding-bottom : 3em;margin-bottom : 0px;padding-left : 0px;}<\/style><\/div><div class=\"fusion-fullwidth fullwidth-box fusion-builder-row-2 fusion-flex-container has-pattern-background has-mask-background nonhundred-percent-fullwidth non-hundred-percent-height-scrolling\" style=\"background-color: rgba(255,255,255,0);background-position: center center;background-repeat: no-repeat;border-width: 0px 0px 0px 0px;border-color:var(--awb-color3);border-style:solid;\" ><div class=\"fusion-builder-row fusion-row fusion-flex-align-items-stretch\" style=\"max-width:1248px;margin-left: calc(-4% \/ 2 );margin-right: calc(-4% \/ 2 );\"><div class=\"fusion-layout-column fusion_builder_column fusion-builder-column-1 fusion_builder_column_1_4 1_4 fusion-flex-column\"><div class=\"fusion-column-wrapper lazyload fusion-flex-justify-content-flex-start fusion-content-layout-column fusion-empty-column-bg-image\" style=\"background-position:center center;background-repeat:no-repeat;-webkit-background-size:cover;-moz-background-size:cover;-o-background-size:cover;background-size:cover;padding: 0px 0px 0px 0px;\" data-bg-url=\"https:\/\/www.euhabitat.com\/wp-content\/uploads\/2022\/11\/Foto_113139-e1578914510449-300x214-1.jpg\" data-bg=\"https:\/\/www.euhabitat.com\/wp-content\/uploads\/2022\/11\/Foto_113139-e1578914510449-300x214-1.jpg\"><img decoding=\"async\" class=\"fusion-empty-dims-img-placeholder fusion-no-large-visibility fusion-no-medium-visibility\" src=\"data:image\/svg+xml,%3Csvg%20xmlns%3D%27http%3A%2F%2Fwww.w3.org%2F2000%2Fsvg%27%20width%3D%27300%27%20height%3D%27214%27%20viewBox%3D%270%200%20300%20214%27%3E%3Crect%20width%3D%27300%27%20height%3D%27214%27%20fill-opacity%3D%220%22%2F%3E%3C%2Fsvg%3E\"><\/div><style type=\"text\/css\">.fusion-body .fusion-builder-column-1{width:25% !important;margin-top : 0px;margin-bottom : 20px;}.fusion-builder-column-1 > .fusion-column-wrapper {padding-top : 0px !important;padding-right : 0px !important;margin-right : 7.68%;padding-bottom : 0px !important;padding-left : 0px !important;margin-left : 7.68%;}@media only screen and (max-width:1024px) {.fusion-body .fusion-builder-column-1{width:25% !important;order : 0;}.fusion-builder-column-1 > .fusion-column-wrapper {margin-right : 7.68%;margin-left : 7.68%;}}@media only screen and (max-width:768px) {.fusion-body .fusion-builder-column-1{width:100% !important;order : 0;}.fusion-builder-column-1 > .fusion-column-wrapper {margin-right : 1.92%;margin-left : 1.92%;}}<\/style><\/div><div class=\"fusion-layout-column fusion_builder_column fusion-builder-column-2 fusion_builder_column_1_2 1_2 fusion-flex-column\"><div class=\"fusion-column-wrapper fusion-flex-justify-content-flex-start fusion-content-layout-column\" style=\"background-position:left top;background-repeat:no-repeat;-webkit-background-size:cover;-moz-background-size:cover;-o-background-size:cover;background-size:cover;padding: 0px 0px 0px 0px;\"><div class=\"fusion-text fusion-text-2\"><h4>So einfach funktioniert\u2019s<\/h4>\n<ol>\n<li><strong>Lieblingswohnung aussuchen<\/strong><\/li>\n<li><strong>anfragen und die betreuende Agentur meldet sich sofort bei Ihnen<\/strong><\/li>\n<li><strong>besichtigen oder buchen<\/strong><\/li>\n<\/ol>\n<\/div><\/div><style type=\"text\/css\">.fusion-body .fusion-builder-column-2{width:50% !important;margin-top : 0px;margin-bottom : 20px;}.fusion-builder-column-2 > .fusion-column-wrapper {padding-top : 0px !important;padding-right : 0px !important;margin-right : 3.84%;padding-bottom : 0px !important;padding-left : 0px !important;margin-left : 3.84%;}@media only screen and (max-width:1024px) {.fusion-body .fusion-builder-column-2{width:50% !important;order : 0;}.fusion-builder-column-2 > .fusion-column-wrapper {margin-right : 3.84%;margin-left : 3.84%;}}@media only screen and (max-width:768px) {.fusion-body .fusion-builder-column-2{width:100% !important;order : 0;}.fusion-builder-column-2 > .fusion-column-wrapper {margin-right : 1.92%;margin-left : 1.92%;}}<\/style><\/div><div class=\"fusion-layout-column fusion_builder_column fusion-builder-column-3 fusion_builder_column_1_4 1_4 fusion-flex-column\"><div class=\"fusion-column-wrapper lazyload fusion-flex-justify-content-flex-start fusion-content-layout-column fusion-empty-column-bg-image\" style=\"background-position:left top;background-repeat:no-repeat;-webkit-background-size:cover;-moz-background-size:cover;-o-background-size:cover;background-size:cover;padding: 0px 0px 0px 0px;\" data-bg-url=\"https:\/\/www.euhabitat.com\/wp-content\/uploads\/2022\/11\/Foto_94439-e1578914818368-300x214-1.jpg\" data-bg=\"https:\/\/www.euhabitat.com\/wp-content\/uploads\/2022\/11\/Foto_94439-e1578914818368-300x214-1.jpg\"><img decoding=\"async\" class=\"fusion-empty-dims-img-placeholder fusion-no-large-visibility fusion-no-medium-visibility\" src=\"data:image\/svg+xml,%3Csvg%20xmlns%3D%27http%3A%2F%2Fwww.w3.org%2F2000%2Fsvg%27%20width%3D%27300%27%20height%3D%27214%27%20viewBox%3D%270%200%20300%20214%27%3E%3Crect%20width%3D%27300%27%20height%3D%27214%27%20fill-opacity%3D%220%22%2F%3E%3C%2Fsvg%3E\"><\/div><style type=\"text\/css\">.fusion-body .fusion-builder-column-3{width:25% !important;margin-top : 0px;margin-bottom : 20px;}.fusion-builder-column-3 > .fusion-column-wrapper {padding-top : 0px !important;padding-right : 0px !important;margin-right : 7.68%;padding-bottom : 0px !important;padding-left : 0px !important;margin-left : 7.68%;}@media only screen and (max-width:1024px) {.fusion-body .fusion-builder-column-3{width:25% !important;order : 0;}.fusion-builder-column-3 > .fusion-column-wrapper {margin-right : 7.68%;margin-left : 7.68%;}}@media only screen and (max-width:768px) {.fusion-body .fusion-builder-column-3{width:100% !important;order : 0;}.fusion-builder-column-3 > .fusion-column-wrapper {margin-right : 1.92%;margin-left : 1.92%;}}<\/style><\/div><\/div><style type=\"text\/css\">.fusion-body .fusion-flex-container.fusion-builder-row-2{ padding-top : 0px;margin-top : 0px;padding-right : 0px;padding-bottom : 0px;margin-bottom : 0px;padding-left : 0px;}<\/style><\/div><div class=\"fusion-fullwidth fullwidth-box fusion-builder-row-3 fusion-flex-container has-pattern-background has-mask-background nonhundred-percent-fullwidth non-hundred-percent-height-scrolling\" style=\"background-color: rgba(255,255,255,0);background-position: center center;background-repeat: no-repeat;border-width: 0px 0px 0px 0px;border-color:var(--awb-color3);border-style:solid;\" ><div class=\"fusion-builder-row fusion-row fusion-flex-align-items-flex-start\" style=\"max-width:1248px;margin-left: calc(-4% \/ 2 );margin-right: calc(-4% \/ 2 );\"><div class=\"fusion-layout-column fusion_builder_column fusion-builder-column-4 fusion_builder_column_1_1 1_1 fusion-flex-column\"><div class=\"fusion-column-wrapper fusion-flex-justify-content-flex-start fusion-content-layout-column\" style=\"background-position:left top;background-repeat:no-repeat;-webkit-background-size:cover;-moz-background-size:cover;-o-background-size:cover;background-size:cover;padding: 0px 0px 0px 0px;\"><div class=\"fusion-text fusion-text-3\"><p>Sie brauchen Unterst\u00fctzung? Unsere lokale Agentur hilft Ihnen, Ihre Traumwohnung zu finden:<\/p>\n<p><strong>Mailen Sie uns Ihre wichtigsten Wohnungsw\u00fcnsche (Ort, Zeitraum und Mietpreis), der Scout der lokalen Agentur meldet sich schnellstm\u00f6glich mit passenden Wohnungs-Vorschl\u00e4gen: <a href=\"https:\/\/www.euhabitat.com\/de\/individuelle-anfrage\/\">Individuelle Anfrage<\/a><\/strong><\/p>\n<p><strong>Dieser Service ist geb\u00fchrenfrei f\u00fcr Sie.<\/strong><\/p>\n<p>Ihre Anfrage wird sofort an unsere Partner-Agentur vor Ort weitergeleitet, der Sie weiterbetreut bis zum Abschluss der Buchung\/ des Mietvertrags.<\/p>\n<\/div><\/div><style type=\"text\/css\">.fusion-body .fusion-builder-column-4{width:100% !important;margin-top : 0px;margin-bottom : 20px;}.fusion-builder-column-4 > .fusion-column-wrapper {padding-top : 0px !important;padding-right : 0px !important;margin-right : 1.92%;padding-bottom : 0px !important;padding-left : 0px !important;margin-left : 1.92%;}@media only screen and (max-width:1024px) {.fusion-body .fusion-builder-column-4{width:100% !important;order : 0;}.fusion-builder-column-4 > .fusion-column-wrapper {margin-right : 1.92%;margin-left : 1.92%;}}@media only screen and (max-width:768px) {.fusion-body .fusion-builder-column-4{width:100% !important;order : 0;}.fusion-builder-column-4 > .fusion-column-wrapper {margin-right : 1.92%;margin-left : 1.92%;}}<\/style><\/div><\/div><style type=\"text\/css\">.fusion-body .fusion-flex-container.fusion-builder-row-3{ padding-top : 3em;margin-top : 0px;padding-right : 0px;padding-bottom : 3em;margin-bottom : 0px;padding-left : 0px;}<\/style><\/div><\/p>\n","protected":false},"excerpt":{"rendered":"","protected":false},"author":1,"featured_media":0,"parent":0,"menu_order":23,"comment_status":"closed","ping_status":"closed","template":"","meta":{"footnotes":""},"class_list":["post-19504","page","type-page","status-publish","hentry"],"yoast_head":"<!-- This site is optimized with the Yoast SEO plugin v21.3 - https:\/\/yoast.com\/wordpress\/plugins\/seo\/ -->\n<title>So funktioniert&#039;s &#8211; euhabitat<\/title>\n<meta name=\"description\" content=\"Bei euhabitat finden Sie deutschlandweit m\u00f6blierte, agenturbetreute Premium-Wohnungen. In 3 einfachen Schritten zur Traumwohnung \u2013 so funktioniert&#039;s!\" \/>\n<meta name=\"robots\" content=\"index, follow, max-snippet:-1, max-image-preview:large, max-video-preview:-1\" \/>\n<meta property=\"og:locale\" content=\"de_DE\" \/>\n<meta property=\"og:type\" content=\"article\" \/>\n<meta property=\"og:title\" content=\"So funktioniert&#039;s &#8211; euhabitat\" \/>\n<meta property=\"og:description\" content=\"Bei euhabitat finden Sie deutschlandweit m\u00f6blierte, agenturbetreute Premium-Wohnungen. In 3 einfachen Schritten zur Traumwohnung \u2013 so funktioniert&#039;s!\" \/>\n<meta property=\"og:url\" content=\"https:\/\/www.euhabitat.com\/de\/so-funktionierts\/\" \/>\n<meta property=\"og:site_name\" content=\"euhabitat\" \/>\n<meta property=\"article:publisher\" content=\"https:\/\/www.facebook.com\/euhabitat\" \/>\n<meta property=\"article:modified_time\" content=\"2023-10-15T16:39:53+00:00\" \/>\n<meta name=\"twitter:card\" content=\"summary_large_image\" \/>\n<meta name=\"twitter:label1\" content=\"Gesch\u00e4tzte Lesezeit\" \/>\n\t<meta name=\"twitter:data1\" content=\"8\u00a0Minuten\" \/>\n<script type=\"application\/ld+json\" class=\"yoast-schema-graph\">{\"@context\":\"https:\/\/schema.org\",\"@graph\":[{\"@type\":\"WebPage\",\"@id\":\"https:\/\/www.euhabitat.com\/de\/so-funktionierts\/\",\"url\":\"https:\/\/www.euhabitat.com\/de\/so-funktionierts\/\",\"name\":\"So funktioniert's &#8211; euhabitat\",\"isPartOf\":{\"@id\":\"https:\/\/www.euhabitat.com\/de\/#website\"},\"datePublished\":\"2019-04-20T13:44:19+00:00\",\"dateModified\":\"2023-10-15T16:39:53+00:00\",\"description\":\"Bei euhabitat finden Sie deutschlandweit m\u00f6blierte, agenturbetreute Premium-Wohnungen. In 3 einfachen Schritten zur Traumwohnung \u2013 so funktioniert's!\",\"breadcrumb\":{\"@id\":\"https:\/\/www.euhabitat.com\/de\/so-funktionierts\/#breadcrumb\"},\"inLanguage\":\"de\",\"potentialAction\":[{\"@type\":\"ReadAction\",\"target\":[\"https:\/\/www.euhabitat.com\/de\/so-funktionierts\/\"]}]},{\"@type\":\"BreadcrumbList\",\"@id\":\"https:\/\/www.euhabitat.com\/de\/so-funktionierts\/#breadcrumb\",\"itemListElement\":[{\"@type\":\"ListItem\",\"position\":1,\"name\":\"Startseite\",\"item\":\"https:\/\/www.euhabitat.com\/de\/\"},{\"@type\":\"ListItem\",\"position\":2,\"name\":\"So funktioniert&#8217;s\"}]},{\"@type\":\"WebSite\",\"@id\":\"https:\/\/www.euhabitat.com\/de\/#website\",\"url\":\"https:\/\/www.euhabitat.com\/de\/\",\"name\":\"euhabitat\",\"description\":\"Furnished Apartments in Cologne Bonn Essen Berlin Nuremberg\",\"publisher\":{\"@id\":\"https:\/\/www.euhabitat.com\/de\/#organization\"},\"potentialAction\":[{\"@type\":\"SearchAction\",\"target\":{\"@type\":\"EntryPoint\",\"urlTemplate\":\"https:\/\/www.euhabitat.com\/de\/?s={search_term_string}\"},\"query-input\":\"required name=search_term_string\"}],\"inLanguage\":\"de\"},{\"@type\":\"Organization\",\"@id\":\"https:\/\/www.euhabitat.com\/de\/#organization\",\"name\":\"euhabitat\",\"url\":\"https:\/\/www.euhabitat.com\/de\/\",\"logo\":{\"@type\":\"ImageObject\",\"inLanguage\":\"de\",\"@id\":\"https:\/\/www.euhabitat.com\/de\/#\/schema\/logo\/image\/\",\"url\":\"https:\/\/www.euhabitat.com\/wp-content\/uploads\/2019\/12\/euhabitat-logo_600px-1.png\",\"contentUrl\":\"https:\/\/www.euhabitat.com\/wp-content\/uploads\/2019\/12\/euhabitat-logo_600px-1.png\",\"width\":600,\"height\":182,\"caption\":\"euhabitat\"},\"image\":{\"@id\":\"https:\/\/www.euhabitat.com\/de\/#\/schema\/logo\/image\/\"},\"sameAs\":[\"https:\/\/www.facebook.com\/euhabitat\",\"https:\/\/www.linkedin.com\/company\/37749063\/\"]}]}<\/script>\n<!-- \/ Yoast SEO plugin. -->","yoast_head_json":{"title":"So funktioniert's &#8211; euhabitat","description":"Bei euhabitat finden Sie deutschlandweit m\u00f6blierte, agenturbetreute Premium-Wohnungen. In 3 einfachen Schritten zur Traumwohnung \u2013 so funktioniert's!","robots":{"index":"index","follow":"follow","max-snippet":"max-snippet:-1","max-image-preview":"max-image-preview:large","max-video-preview":"max-video-preview:-1"},"og_locale":"de_DE","og_type":"article","og_title":"So funktioniert's &#8211; euhabitat","og_description":"Bei euhabitat finden Sie deutschlandweit m\u00f6blierte, agenturbetreute Premium-Wohnungen. In 3 einfachen Schritten zur Traumwohnung \u2013 so funktioniert's!","og_url":"https:\/\/www.euhabitat.com\/de\/so-funktionierts\/","og_site_name":"euhabitat","article_publisher":"https:\/\/www.facebook.com\/euhabitat","article_modified_time":"2023-10-15T16:39:53+00:00","twitter_card":"summary_large_image","twitter_misc":{"Gesch\u00e4tzte Lesezeit":"8\u00a0Minuten"},"schema":{"@context":"https:\/\/schema.org","@graph":[{"@type":"WebPage","@id":"https:\/\/www.euhabitat.com\/de\/so-funktionierts\/","url":"https:\/\/www.euhabitat.com\/de\/so-funktionierts\/","name":"So funktioniert's &#8211; euhabitat","isPartOf":{"@id":"https:\/\/www.euhabitat.com\/de\/#website"},"datePublished":"2019-04-20T13:44:19+00:00","dateModified":"2023-10-15T16:39:53+00:00","description":"Bei euhabitat finden Sie deutschlandweit m\u00f6blierte, agenturbetreute Premium-Wohnungen. In 3 einfachen Schritten zur Traumwohnung \u2013 so funktioniert's!","breadcrumb":{"@id":"https:\/\/www.euhabitat.com\/de\/so-funktionierts\/#breadcrumb"},"inLanguage":"de","potentialAction":[{"@type":"ReadAction","target":["https:\/\/www.euhabitat.com\/de\/so-funktionierts\/"]}]},{"@type":"BreadcrumbList","@id":"https:\/\/www.euhabitat.com\/de\/so-funktionierts\/#breadcrumb","itemListElement":[{"@type":"ListItem","position":1,"name":"Startseite","item":"https:\/\/www.euhabitat.com\/de\/"},{"@type":"ListItem","position":2,"name":"So funktioniert&#8217;s"}]},{"@type":"WebSite","@id":"https:\/\/www.euhabitat.com\/de\/#website","url":"https:\/\/www.euhabitat.com\/de\/","name":"euhabitat","description":"Furnished Apartments in Cologne Bonn Essen Berlin Nuremberg","publisher":{"@id":"https:\/\/www.euhabitat.com\/de\/#organization"},"potentialAction":[{"@type":"SearchAction","target":{"@type":"EntryPoint","urlTemplate":"https:\/\/www.euhabitat.com\/de\/?s={search_term_string}"},"query-input":"required name=search_term_string"}],"inLanguage":"de"},{"@type":"Organization","@id":"https:\/\/www.euhabitat.com\/de\/#organization","name":"euhabitat","url":"https:\/\/www.euhabitat.com\/de\/","logo":{"@type":"ImageObject","inLanguage":"de","@id":"https:\/\/www.euhabitat.com\/de\/#\/schema\/logo\/image\/","url":"https:\/\/www.euhabitat.com\/wp-content\/uploads\/2019\/12\/euhabitat-logo_600px-1.png","contentUrl":"https:\/\/www.euhabitat.com\/wp-content\/uploads\/2019\/12\/euhabitat-logo_600px-1.png","width":600,"height":182,"caption":"euhabitat"},"image":{"@id":"https:\/\/www.euhabitat.com\/de\/#\/schema\/logo\/image\/"},"sameAs":["https:\/\/www.facebook.com\/euhabitat","https:\/\/www.linkedin.com\/company\/37749063\/"]}]}},"_links":{"self":[{"href":"https:\/\/www.euhabitat.com\/de\/wp-json\/wp\/v2\/pages\/19504","targetHints":{"allow":["GET"]}}],"collection":[{"href":"https:\/\/www.euhabitat.com\/de\/wp-json\/wp\/v2\/pages"}],"about":[{"href":"https:\/\/www.euhabitat.com\/de\/wp-json\/wp\/v2\/types\/page"}],"author":[{"embeddable":true,"href":"https:\/\/www.euhabitat.com\/de\/wp-json\/wp\/v2\/users\/1"}],"replies":[{"embeddable":true,"href":"https:\/\/www.euhabitat.com\/de\/wp-json\/wp\/v2\/comments?post=19504"}],"version-history":[{"count":3,"href":"https:\/\/www.euhabitat.com\/de\/wp-json\/wp\/v2\/pages\/19504\/revisions"}],"predecessor-version":[{"id":2583856,"href":"https:\/\/www.euhabitat.com\/de\/wp-json\/wp\/v2\/pages\/19504\/revisions\/2583856"}],"wp:attachment":[{"href":"https:\/\/www.euhabitat.com\/de\/wp-json\/wp\/v2\/media?parent=19504"}],"curies":[{"name":"wp","href":"https:\/\/api.w.org\/{rel}","templated":true}]}}