{"id":165698,"date":"2020-01-08T11:31:21","date_gmt":"2020-01-08T10:31:21","guid":{"rendered":"https:\/\/www.euhabitat.com\/?page_id=165698"},"modified":"2022-11-11T19:15:15","modified_gmt":"2022-11-11T18:15:15","slug":"moeblierte-wohnungen-erlangen","status":"publish","type":"page","link":"https:\/\/www.euhabitat.com\/de\/moeblierte-wohnungen-erlangen\/","title":{"rendered":"M\u00f6blierte Wohnungen Erlangen"},"content":{"rendered":"<p><div class=\"fusion-fullwidth fullwidth-box fusion-builder-row-1 fusion-flex-container has-pattern-background has-mask-background immo-map hundred-percent-fullwidth non-hundred-percent-height-scrolling\" style=\"background-color: rgba(255,255,255,0);background-position: center center;background-repeat: no-repeat;border-width: 0px 0px 0px 0px;border-color:var(--awb-color3);border-style:solid;\" ><div class=\"fusion-builder-row fusion-row fusion-flex-align-items-flex-start\" style=\"width:104% !important;max-width:104% !important;margin-left: calc(-4% \/ 2 );margin-right: calc(-4% \/ 2 );\"><div class=\"fusion-layout-column fusion_builder_column fusion-builder-column-0 fusion_builder_column_1_1 1_1 fusion-flex-column\"><div class=\"fusion-column-wrapper fusion-flex-justify-content-flex-start fusion-content-layout-column\" style=\"background-position:left top;background-repeat:no-repeat;-webkit-background-size:cover;-moz-background-size:cover;-o-background-size:cover;background-size:cover;padding: 0px 0px 0px 0px;\"><div class=\"fusion-text fusion-text-1\"><div id=\"inx-property-map\" class=\"inx-property-map-container inx-container\">\n\t<inx-property-open-layers-map\n\t\t:lat=\"49.858784\"\n\t\t:lng=\"6.785441\"\n\t\t:zoom=\"12\"\n\t\t:auto-fit=\"true\"\n\t\tmarker-set-id=\"inx-property-map\"\n\t\tmarker-icon-url=\"https:\/\/www.euhabitat.com\/wp-content\/themes\/Avada-Child-Theme\/immonex-kickstart\/euhabitat\/images\/location-pin.png\"\n\t\tprivacy-note=\"Diese Website nutzt Kartendienste der OpenStreetMap Foundation, St John\u2019s Innovation Centre, Cowley Road, Cambridge, CB4 0WS, Gro\u00dfbritannien (kurz OSMF). Ihr Internetbrowser stellt eine Verbindung zu Servern her, die von der OSMF im Vereinigten K\u00f6nigreich und in anderen L\u00e4ndern betrieben werden. Der Betreiber dieser Website hat keine Kontrolle \u00fcber solche Verbindungen und die Verarbeitung Ihrer Daten durch die OSMF. Weitere Informationen zur Verarbeitung von Benutzerdaten durch die OSMF finden Sie in der &lt;a href=&quot;https:\/\/wiki.osmfoundation.org\/wiki\/Privacy_Policy&quot;&gt;OSMF-Datenschutzrichtlinie&lt;\/a&gt;.\"\n\t\tshow-map-button-text=\"Einverstanden, Karten anzeigen!\"\n\t\t:require-consent=\"false\"\n\t>\n\t<\/inx-property-open-layers-map>\n<\/div>\n\n<\/div><\/div><style type=\"text\/css\">.fusion-body .fusion-builder-column-0{width:100% !important;margin-top : 0px;margin-bottom : 0px;}.fusion-builder-column-0 > .fusion-column-wrapper {padding-top : 0 !important;padding-right : 0 !important;margin-right : 0;padding-bottom : 0 !important;padding-left : 0 !important;margin-left : 0;}@media only screen and (max-width:1024px) {.fusion-body .fusion-builder-column-0{width:100% !important;order : 0;}.fusion-builder-column-0 > .fusion-column-wrapper {margin-right : 0;margin-left : 0;}}@media only screen and (max-width:768px) {.fusion-body .fusion-builder-column-0{width:100% !important;order : 0;}.fusion-builder-column-0 > .fusion-column-wrapper {margin-right : 1.92%;margin-left : 1.92%;}}<\/style><\/div><\/div><style type=\"text\/css\">.fusion-body .fusion-flex-container.fusion-builder-row-1{ padding-top : 0px;margin-top : 0;padding-right : 0px;padding-bottom : 0px;margin-bottom : 0;padding-left : 0px;}<\/style><\/div><div class=\"fusion-fullwidth fullwidth-box fusion-builder-row-2 fusion-flex-container has-pattern-background has-mask-background nonhundred-percent-fullwidth non-hundred-percent-height-scrolling\" style=\"background-color: var(--awb-color5);background-position: center center;background-repeat: no-repeat;border-width: 0px 0px 0px 0px;border-color:var(--awb-color3);border-style:solid;\" ><div class=\"fusion-builder-row fusion-row fusion-flex-align-items-flex-start\" style=\"max-width:1248px;margin-left: calc(-4% \/ 2 );margin-right: calc(-4% \/ 2 );\"><div class=\"fusion-layout-column fusion_builder_column fusion-builder-column-1 fusion_builder_column_1_1 1_1 fusion-flex-column immo-search\"><div class=\"fusion-column-wrapper fusion-flex-justify-content-flex-start fusion-content-layout-column\" style=\"background-position:left top;background-repeat:no-repeat;-webkit-background-size:cover;-moz-background-size:cover;-o-background-size:cover;background-size:cover;padding: 0px 0px 0px 0px;\"><div class=\"fusion-text fusion-text-2\"><div\n\tid=\"inx-property-search\"\n\tclass=\"inx-property-search inx-container\"\n\t>\n\t<form id=\"inx-property-search-main-form\" action=\"https:\/\/www.euhabitat.com\/de\/suchergebnisse\/\" method=\"get\">\n\t\t\t\t<input type=\"hidden\" data-no-reset=\"1\" name=\"inx-sort\" value=\"\">\n\t\t\t\t\n\t\t<div class=\"inx-property-search__standard\">\n\t\t\t<div class=\"inx-property-search__elements\">\n\t\t\t\t\t\t\t<div class=\"inx-property-search__element\">\n\t\t\t\t\t<div class=\"inx-form-element inx-form-element--select\">\n\t\n\t<select\n\t\tid=\"inx-property-search_inx-search-marketing-type\"\n\t\tname=\"inx-search-marketing-type\"\n\t\tclass=\"inx-select uk-select\"\n\t\tdata-default=\"\"\t\t>\n\n\t\t\t\t<option value=\"\"\n\t\t\t\t\t>Alle St\u00e4dte<\/option>\n\t\t\n\t\t\t\t<option value=\"bonn\"> Bonn<\/option>\n\t\t\t\t\t\t<option value=\"cologne\"> Cologne<\/option>\n\t\t\t\t\t\t<option value=\"essen\"> Essen<\/option>\n\t\t\t\t\t\t<option value=\"frankfurt\"> Frankfurt<\/option>\n\t\t\t\t\t\t<option value=\"fuerth-en\"> Fuerth<\/option>\n\t\t\t\t\t\t<option value=\"fuerth\"> F\u00fcrth<\/option>\n\t\t\t\t\t\t<option value=\"koeln\"> K\u00f6ln<\/option>\n\t\t\t\t\t\t<option value=\"nuremberg\"> Nuremberg<\/option>\n\t\t\t\t\t\t<option value=\"nuernberg\"> N\u00fcrnberg<\/option>\n\t\t\t\t\t<\/select>\n<\/div>\n\t\t\t\t<\/div>\n\t\t\t\t\t\t\t\t\t<div class=\"inx-property-search__element\">\n\t\t\t\t\t<div class=\"inx-form-element inx-form-element--text uk-search uk-search-default uk-width-1-1\">\n\t\n\t\t<input type=\"text\"\n\t\tid=\"inx-property-search_inx-search-available-from\"\n\t\tname=\"inx-search-available-from\"\n\t\tplaceholder=\"verf\u00fcgbar ab\"\n\t\tvalue=\"\"\n\t\tclass=\"inx-search-input inx-search-input--type--date uk-search-input\">\n<\/div>\n\t\t\t\t<\/div>\n\t\t\t\t\t\t\t\t\t<div class=\"inx-property-search__element\">\n\t\t\t\t\t<div class=\"inx-form-element inx-form-element--text uk-search uk-search-default uk-width-1-1\">\n\t\n\t\t<input type=\"text\"\n\t\tid=\"inx-property-search_inx-search-min-rooms\"\n\t\tname=\"inx-search-min-rooms\"\n\t\tplaceholder=\"Anz. Zimmer\"\n\t\tvalue=\"\"\n\t\tclass=\"inx-search-input inx-search-input--type--text uk-search-input\">\n<\/div>\n\t\t\t\t<\/div>\n\t\t\t\t\t\t\t\t\t<div class=\"inx-property-search__element\">\n\t\t\t\t\t<div class=\"inx-form-element inx-form-element--range\">\n\t<inx-range-slider\n\t\t:form-index=\"0\"\n\t\tname=\"inx-search-price-range\"\n\t\tlabel=\"Preisrahmen\"\n\t\trange=\"[350,4600,350,4600,350,4600]\"\n\t\tvalue=\"[350,4600,350,4600,350,4600]\"\n\t\tstep-ranges=\"\"\n\t\tunit=\"\"\n\t\tcurrency=\"EUR\"\n\t\treplace-null=\"\"\n\t\trange-unlimited-term=\"unbegrenzt\"\n\t\tlocale=\"de-DE\"\n\t\twrap-classes=\"inx-range-slider\">\n\t<\/inx-range-slider>\n<\/div>\n\t\t\t\t<\/div>\n\t\t\t\t\t\t\t\t\t<div class=\"inx-property-search__element inx-property-search__element--is-last-grid-col\">\n\t\t\t\t\t<div class=\"inx-form-element inx-form-element--submit\">\n\n\t<inx-search-submit-button\n\t\t:form-index=\"0\"\n\t\ttitle=\"Anzeigen\"\n\t\tnom-name=\"Treffer\"\n\t\tnom-one-match=\"ein Treffer\"\n\t\tnom-no-matches=\"keine Treffer\"\n\t\twrap-classes=\"inx-search-submit-button\"\n\t\tlocale=\"de-DE\"\n\t\tbutton-classes=\"inx-button inx-button--action uk-button uk-button-primary uk-width-1-1\">\n\t<\/inx-search-submit-button>\n\n<\/div>\n\t\t\t\t<\/div>\n\t\t\t\t\t\t\t\t\t<div class=\"inx-property-search__element\">\n\t\t\t\t\t\t\t\t\t<\/div>\n\t\t\t\t\t\t\t\t<\/div>\n\t\t<\/div>\n\n\t\t\t<\/form>\n<\/div>\n\n<\/div><\/div><style type=\"text\/css\">.fusion-body .fusion-builder-column-1{width:100% !important;margin-top : 0px;margin-bottom : 0px;}.fusion-builder-column-1 > .fusion-column-wrapper {padding-top : 0 !important;padding-right : 0px !important;margin-right : 1.92%;padding-bottom : 0 !important;padding-left : 0px !important;margin-left : 1.92%;}@media only screen and (max-width:1024px) {.fusion-body .fusion-builder-column-1{width:100% !important;order : 0;}.fusion-builder-column-1 > .fusion-column-wrapper {margin-right : 1.92%;margin-left : 1.92%;}}@media only screen and (max-width:768px) {.fusion-body .fusion-builder-column-1{width:100% !important;order : 0;}.fusion-builder-column-1 > .fusion-column-wrapper {margin-right : 1.92%;margin-left : 1.92%;}}<\/style><\/div><\/div><style type=\"text\/css\">.fusion-body .fusion-flex-container.fusion-builder-row-2{ padding-top : 1.5em;margin-top : 0;padding-right : 0px;padding-bottom : 0.5em;margin-bottom : 0;padding-left : 0px;}<\/style><\/div><div class=\"fusion-fullwidth fullwidth-box fusion-builder-row-3 fusion-flex-container has-pattern-background has-mask-background nonhundred-percent-fullwidth non-hundred-percent-height-scrolling\" style=\"background-color: rgba(255,255,255,0);background-position: center center;background-repeat: no-repeat;border-width: 0px 0px 0px 0px;border-color:var(--awb-color3);border-style:solid;\" ><div class=\"fusion-builder-row fusion-row fusion-flex-align-items-flex-start\" style=\"max-width:1248px;margin-left: calc(-4% \/ 2 );margin-right: calc(-4% \/ 2 );\"><div class=\"fusion-layout-column fusion_builder_column fusion-builder-column-2 fusion_builder_column_1_1 1_1 fusion-flex-column\"><div class=\"fusion-column-wrapper fusion-flex-justify-content-flex-start fusion-content-layout-column\" style=\"background-position:left top;background-repeat:no-repeat;-webkit-background-size:cover;-moz-background-size:cover;-o-background-size:cover;background-size:cover;padding: 0px 0px 0px 0px;\"><div class=\"fusion-text fusion-text-3\"><h1>M\u00f6blierte Wohnungen in Erlangen<\/h1>\n<p>Die alte Hugenottenstadt Erlangen verbindet studentisches Leben und internationale Hightech-Firmen ausgezeichnet mit dem fr\u00e4nkischen Kultur.<\/p>\n<p>Der traditionsreiche Marktplatz mit dem markgr\u00e4f- lichen Schlo\u00df, Orangerie, Schlo\u00dfgarten und fr\u00e4nkische Kneipen in der Altstadt sind erholsame Locations.<\/p>\n<p>Weitere Highlights der Stadt: Das Markgrafen-Theater oder ein Ausflug nach Atzelsberg in den wundersch\u00f6nen Biergarten.<\/p>\n<\/div><\/div><style type=\"text\/css\">.fusion-body .fusion-builder-column-2{width:100% !important;margin-top : 0px;margin-bottom : 0px;}.fusion-builder-column-2 > .fusion-column-wrapper {padding-top : 0px !important;padding-right : 0px !important;margin-right : 2.88%;padding-bottom : 0px !important;padding-left : 0px !important;margin-left : 1.92%;}@media only screen and (max-width:1024px) {.fusion-body .fusion-builder-column-2{width:100% !important;}.fusion-builder-column-2 > .fusion-column-wrapper {margin-right : 2.88%;margin-left : 1.92%;}}@media only screen and (max-width:768px) {.fusion-body .fusion-builder-column-2{width:100% !important;}.fusion-builder-column-2 > .fusion-column-wrapper {margin-right : 1.92%;margin-left : 1.92%;}}<\/style><\/div><\/div><style type=\"text\/css\">.fusion-body .fusion-flex-container.fusion-builder-row-3{ padding-top : 3em;margin-top : 0px;padding-right : 0px;padding-bottom : 0px;margin-bottom : 0px;padding-left : 0px;}<\/style><\/div>\n<div class=\"fusion-fullwidth fullwidth-box fusion-builder-row-4 fusion-flex-container has-pattern-background has-mask-background nonhundred-percent-fullwidth non-hundred-percent-height-scrolling\" style=\"background-color: rgba(255,255,255,0);background-position: center center;background-repeat: no-repeat;border-width: 0px 0px 0px 0px;border-color:var(--awb-color3);border-style:solid;\" ><div class=\"fusion-builder-row fusion-row fusion-flex-align-items-flex-start\" style=\"max-width:1248px;margin-left: calc(-4% \/ 2 );margin-right: calc(-4% \/ 2 );\"><div class=\"fusion-layout-column fusion_builder_column fusion-builder-column-3 fusion_builder_column_1_1 1_1 fusion-flex-column\"><div class=\"fusion-column-wrapper fusion-flex-justify-content-flex-start fusion-content-layout-column\" style=\"background-position:left top;background-repeat:no-repeat;-webkit-background-size:cover;-moz-background-size:cover;-o-background-size:cover;background-size:cover;padding: 0px 0px 0px 0px;\"><div class=\"fusion-text fusion-text-4\"><p><div id=\"inx-property-filters\" class=\"inx-property-filters inx-container uk-padding-small\">\n\t<form action=\"https:\/\/www.euhabitat.com\/de\/wp-json\/wp\/v2\/pages\/165698\/\" method=\"get\">\n\t\t\n\t\t<div class=\"uk-flex uk-flex-right@s\">\n\t\t\t<div class=\"inx-form-element uk-width-1-1 uk-width-auto@s\">\n\t\t\t\t<select name=\"inx-sort\" class=\"uk-select\">\n\t\t\t\t\t\t\t\t\t\t<option\tvalue=\"date_desc\">\n\t\t\t\t\t\tAktuellste\t\t\t\t\t<\/option>\n\t\t\t\t\t\t\t\t\t\t<option\tvalue=\"price_asc\">\n\t\t\t\t\t\tPreis (aufsteigend)\t\t\t\t\t<\/option>\n\t\t\t\t\t\t\t\t\t\t<option\tvalue=\"price_desc\" selected>\n\t\t\t\t\t\tPreis (absteigend)\t\t\t\t\t<\/option>\n\t\t\t\t\t\t\t\t\t\t<option\tvalue=\"rooms_asc\">\n\t\t\t\t\t\tZimmer\t\t\t\t\t<\/option>\n\t\t\t\t\t\t\t\t\t<\/select>\n\t\t\t<\/div>\n\t\t<\/div>\n\t<\/form>\n<\/div>\n<div class=\"inx-cq\">\n\t<div id=\"inx-property-list\" class=\"inx-container inx-property-list inx-property-list--is-empty\">\n\n\t\t\n\t\t<div class=\"inx-property-list__no-properties\">\n\t\t\t<p>Aktuell sind keine Immobilien vorhanden, die den Suchkriterien entsprechen.<\/p>\n\t\t<\/div>\n\n\t\t\t\t\t<\/div>\n<\/div>\n<\/p>\n<\/div><div class=\"fusion-text fusion-text-5\"><div class=\"inx-pagination uk-margin-top\">\n\t<\/div>\n\n<\/div><\/div><style type=\"text\/css\">.fusion-body .fusion-builder-column-3{width:100% !important;margin-top : 0px;margin-bottom : 20px;}.fusion-builder-column-3 > .fusion-column-wrapper {padding-top : 0px !important;padding-right : 0px !important;margin-right : 1.92%;padding-bottom : 0px !important;padding-left : 0px !important;margin-left : 1.92%;}@media only screen and (max-width:1024px) {.fusion-body .fusion-builder-column-3{width:100% !important;order : 0;}.fusion-builder-column-3 > .fusion-column-wrapper {margin-right : 1.92%;margin-left : 1.92%;}}@media only screen and (max-width:768px) {.fusion-body .fusion-builder-column-3{width:100% !important;order : 0;}.fusion-builder-column-3 > .fusion-column-wrapper {margin-right : 1.92%;margin-left : 1.92%;}}<\/style><\/div><\/div><style type=\"text\/css\">.fusion-body .fusion-flex-container.fusion-builder-row-4{ padding-top : 0px;margin-top : 0px;padding-right : 0px;padding-bottom : 0px;margin-bottom : 0px;padding-left : 0px;}<\/style><\/div><div class=\"fusion-fullwidth fullwidth-box fusion-builder-row-5 fusion-flex-container has-pattern-background has-mask-background nonhundred-percent-fullwidth non-hundred-percent-height-scrolling\" style=\"background-color: rgba(255,255,255,0);background-position: center center;background-repeat: no-repeat;border-width: 0px 0px 0px 0px;border-color:var(--awb-color3);border-style:solid;\" ><div class=\"fusion-builder-row fusion-row fusion-flex-align-items-flex-start\" style=\"max-width:1248px;margin-left: calc(-4% \/ 2 );margin-right: calc(-4% \/ 2 );\"><div class=\"fusion-layout-column fusion_builder_column fusion-builder-column-4 fusion_builder_column_1_1 1_1 fusion-flex-column\"><div class=\"fusion-column-wrapper fusion-flex-justify-content-flex-start fusion-content-layout-column\" style=\"background-position:left top;background-repeat:no-repeat;-webkit-background-size:cover;-moz-background-size:cover;-o-background-size:cover;background-size:cover;padding: 0px 0px 0px 0px;\"><div class=\"fusion-text fusion-text-6\"><h5>Haben Sie Ihren Favoriten in Erlangen gefunden?<\/h5>\n<p>So funktioniert\u2019s:<\/p>\n<p>&#8211; das favorisierte Objekt aussuchen und anfragen<br \/>\n&#8211; besichtigen oder direkt buchen<br \/>\n&#8211; ab 1 Monat bis zu mehreren Jahren<\/p>\n<p>Nichts gefunden? <a href=\"https:\/\/www.euhabitat.com\/de\/individuelle-anfrage\/individuelle-anfrage-erlangen\/\"><strong>Bitte hier klicken<\/strong><\/a><\/p>\n<\/div><\/div><style type=\"text\/css\">.fusion-body .fusion-builder-column-4{width:100% !important;margin-top : 0px;margin-bottom : 20px;}.fusion-builder-column-4 > .fusion-column-wrapper {padding-top : 0px !important;padding-right : 0px !important;margin-right : 1.92%;padding-bottom : 0px !important;padding-left : 0px !important;margin-left : 1.92%;}@media only screen and (max-width:1024px) {.fusion-body .fusion-builder-column-4{width:100% !important;order : 0;}.fusion-builder-column-4 > .fusion-column-wrapper {margin-right : 1.92%;margin-left : 1.92%;}}@media only screen and (max-width:768px) {.fusion-body .fusion-builder-column-4{width:100% !important;order : 0;}.fusion-builder-column-4 > .fusion-column-wrapper {margin-right : 1.92%;margin-left : 1.92%;}}<\/style><\/div><\/div><style type=\"text\/css\">.fusion-body .fusion-flex-container.fusion-builder-row-5{ padding-top : 2em;margin-top : 0px;padding-right : 0px;padding-bottom : 3em;margin-bottom : 0px;padding-left : 0px;}<\/style><\/div><\/p>\n","protected":false},"excerpt":{"rendered":"","protected":false},"author":1,"featured_media":0,"parent":0,"menu_order":7,"comment_status":"closed","ping_status":"closed","template":"100-width.php","meta":{"footnotes":""},"class_list":["post-165698","page","type-page","status-publish","hentry"],"yoast_head":"<!-- This site is optimized with the Yoast SEO plugin v21.3 - https:\/\/yoast.com\/wordpress\/plugins\/seo\/ -->\n<title>M\u00f6blierte Wohnungen in Erlangen \u2013 euhabitat<\/title>\n<meta name=\"description\" content=\"Finden Sie Ihre m\u00f6blierte Wohnung in Erlangen mit euhabitat. Ideal f\u00fcr Gesch\u00e4ftsleute und Jobwechsler! Jetzt verf\u00fcgbare Objekte ansehen &amp; anfragen.\" \/>\n<meta name=\"robots\" content=\"index, follow, max-snippet:-1, max-image-preview:large, max-video-preview:-1\" \/>\n<meta property=\"og:locale\" content=\"de_DE\" \/>\n<meta property=\"og:type\" content=\"article\" \/>\n<meta property=\"og:title\" content=\"M\u00f6blierte Wohnungen in Erlangen \u2013 euhabitat\" \/>\n<meta property=\"og:description\" content=\"Finden Sie Ihre m\u00f6blierte Wohnung in Erlangen mit euhabitat. Ideal f\u00fcr Gesch\u00e4ftsleute und Jobwechsler! Jetzt verf\u00fcgbare Objekte ansehen &amp; anfragen.\" \/>\n<meta property=\"og:url\" content=\"https:\/\/www.euhabitat.com\/de\/moeblierte-wohnungen-erlangen\/\" \/>\n<meta property=\"og:site_name\" content=\"euhabitat\" \/>\n<meta property=\"article:publisher\" content=\"https:\/\/www.facebook.com\/euhabitat\" \/>\n<meta property=\"article:modified_time\" content=\"2022-11-11T18:15:15+00:00\" \/>\n<meta name=\"twitter:card\" content=\"summary_large_image\" \/>\n<meta name=\"twitter:label1\" content=\"Gesch\u00e4tzte Lesezeit\" \/>\n\t<meta name=\"twitter:data1\" content=\"9\u00a0Minuten\" \/>\n<script type=\"application\/ld+json\" class=\"yoast-schema-graph\">{\"@context\":\"https:\/\/schema.org\",\"@graph\":[{\"@type\":\"WebPage\",\"@id\":\"https:\/\/www.euhabitat.com\/de\/moeblierte-wohnungen-erlangen\/\",\"url\":\"https:\/\/www.euhabitat.com\/de\/moeblierte-wohnungen-erlangen\/\",\"name\":\"M\u00f6blierte Wohnungen in Erlangen \u2013 euhabitat\",\"isPartOf\":{\"@id\":\"https:\/\/www.euhabitat.com\/de\/#website\"},\"datePublished\":\"2020-01-08T10:31:21+00:00\",\"dateModified\":\"2022-11-11T18:15:15+00:00\",\"description\":\"Finden Sie Ihre m\u00f6blierte Wohnung in Erlangen mit euhabitat. Ideal f\u00fcr Gesch\u00e4ftsleute und Jobwechsler! Jetzt verf\u00fcgbare Objekte ansehen & anfragen.\",\"breadcrumb\":{\"@id\":\"https:\/\/www.euhabitat.com\/de\/moeblierte-wohnungen-erlangen\/#breadcrumb\"},\"inLanguage\":\"de\",\"potentialAction\":[{\"@type\":\"ReadAction\",\"target\":[\"https:\/\/www.euhabitat.com\/de\/moeblierte-wohnungen-erlangen\/\"]}]},{\"@type\":\"BreadcrumbList\",\"@id\":\"https:\/\/www.euhabitat.com\/de\/moeblierte-wohnungen-erlangen\/#breadcrumb\",\"itemListElement\":[{\"@type\":\"ListItem\",\"position\":1,\"name\":\"Startseite\",\"item\":\"https:\/\/www.euhabitat.com\/de\/\"},{\"@type\":\"ListItem\",\"position\":2,\"name\":\"M\u00f6blierte Wohnungen Erlangen\"}]},{\"@type\":\"WebSite\",\"@id\":\"https:\/\/www.euhabitat.com\/de\/#website\",\"url\":\"https:\/\/www.euhabitat.com\/de\/\",\"name\":\"euhabitat\",\"description\":\"Furnished Apartments in Cologne Bonn Essen Berlin Nuremberg\",\"publisher\":{\"@id\":\"https:\/\/www.euhabitat.com\/de\/#organization\"},\"potentialAction\":[{\"@type\":\"SearchAction\",\"target\":{\"@type\":\"EntryPoint\",\"urlTemplate\":\"https:\/\/www.euhabitat.com\/de\/?s={search_term_string}\"},\"query-input\":\"required name=search_term_string\"}],\"inLanguage\":\"de\"},{\"@type\":\"Organization\",\"@id\":\"https:\/\/www.euhabitat.com\/de\/#organization\",\"name\":\"euhabitat\",\"url\":\"https:\/\/www.euhabitat.com\/de\/\",\"logo\":{\"@type\":\"ImageObject\",\"inLanguage\":\"de\",\"@id\":\"https:\/\/www.euhabitat.com\/de\/#\/schema\/logo\/image\/\",\"url\":\"https:\/\/www.euhabitat.com\/wp-content\/uploads\/2019\/12\/euhabitat-logo_600px-1.png\",\"contentUrl\":\"https:\/\/www.euhabitat.com\/wp-content\/uploads\/2019\/12\/euhabitat-logo_600px-1.png\",\"width\":600,\"height\":182,\"caption\":\"euhabitat\"},\"image\":{\"@id\":\"https:\/\/www.euhabitat.com\/de\/#\/schema\/logo\/image\/\"},\"sameAs\":[\"https:\/\/www.facebook.com\/euhabitat\",\"https:\/\/www.linkedin.com\/company\/37749063\/\"]}]}<\/script>\n<!-- \/ Yoast SEO plugin. -->","yoast_head_json":{"title":"M\u00f6blierte Wohnungen in Erlangen \u2013 euhabitat","description":"Finden Sie Ihre m\u00f6blierte Wohnung in Erlangen mit euhabitat. Ideal f\u00fcr Gesch\u00e4ftsleute und Jobwechsler! Jetzt verf\u00fcgbare Objekte ansehen & anfragen.","robots":{"index":"index","follow":"follow","max-snippet":"max-snippet:-1","max-image-preview":"max-image-preview:large","max-video-preview":"max-video-preview:-1"},"og_locale":"de_DE","og_type":"article","og_title":"M\u00f6blierte Wohnungen in Erlangen \u2013 euhabitat","og_description":"Finden Sie Ihre m\u00f6blierte Wohnung in Erlangen mit euhabitat. Ideal f\u00fcr Gesch\u00e4ftsleute und Jobwechsler! Jetzt verf\u00fcgbare Objekte ansehen & anfragen.","og_url":"https:\/\/www.euhabitat.com\/de\/moeblierte-wohnungen-erlangen\/","og_site_name":"euhabitat","article_publisher":"https:\/\/www.facebook.com\/euhabitat","article_modified_time":"2022-11-11T18:15:15+00:00","twitter_card":"summary_large_image","twitter_misc":{"Gesch\u00e4tzte Lesezeit":"9\u00a0Minuten"},"schema":{"@context":"https:\/\/schema.org","@graph":[{"@type":"WebPage","@id":"https:\/\/www.euhabitat.com\/de\/moeblierte-wohnungen-erlangen\/","url":"https:\/\/www.euhabitat.com\/de\/moeblierte-wohnungen-erlangen\/","name":"M\u00f6blierte Wohnungen in Erlangen \u2013 euhabitat","isPartOf":{"@id":"https:\/\/www.euhabitat.com\/de\/#website"},"datePublished":"2020-01-08T10:31:21+00:00","dateModified":"2022-11-11T18:15:15+00:00","description":"Finden Sie Ihre m\u00f6blierte Wohnung in Erlangen mit euhabitat. Ideal f\u00fcr Gesch\u00e4ftsleute und Jobwechsler! Jetzt verf\u00fcgbare Objekte ansehen & anfragen.","breadcrumb":{"@id":"https:\/\/www.euhabitat.com\/de\/moeblierte-wohnungen-erlangen\/#breadcrumb"},"inLanguage":"de","potentialAction":[{"@type":"ReadAction","target":["https:\/\/www.euhabitat.com\/de\/moeblierte-wohnungen-erlangen\/"]}]},{"@type":"BreadcrumbList","@id":"https:\/\/www.euhabitat.com\/de\/moeblierte-wohnungen-erlangen\/#breadcrumb","itemListElement":[{"@type":"ListItem","position":1,"name":"Startseite","item":"https:\/\/www.euhabitat.com\/de\/"},{"@type":"ListItem","position":2,"name":"M\u00f6blierte Wohnungen Erlangen"}]},{"@type":"WebSite","@id":"https:\/\/www.euhabitat.com\/de\/#website","url":"https:\/\/www.euhabitat.com\/de\/","name":"euhabitat","description":"Furnished Apartments in Cologne Bonn Essen Berlin Nuremberg","publisher":{"@id":"https:\/\/www.euhabitat.com\/de\/#organization"},"potentialAction":[{"@type":"SearchAction","target":{"@type":"EntryPoint","urlTemplate":"https:\/\/www.euhabitat.com\/de\/?s={search_term_string}"},"query-input":"required name=search_term_string"}],"inLanguage":"de"},{"@type":"Organization","@id":"https:\/\/www.euhabitat.com\/de\/#organization","name":"euhabitat","url":"https:\/\/www.euhabitat.com\/de\/","logo":{"@type":"ImageObject","inLanguage":"de","@id":"https:\/\/www.euhabitat.com\/de\/#\/schema\/logo\/image\/","url":"https:\/\/www.euhabitat.com\/wp-content\/uploads\/2019\/12\/euhabitat-logo_600px-1.png","contentUrl":"https:\/\/www.euhabitat.com\/wp-content\/uploads\/2019\/12\/euhabitat-logo_600px-1.png","width":600,"height":182,"caption":"euhabitat"},"image":{"@id":"https:\/\/www.euhabitat.com\/de\/#\/schema\/logo\/image\/"},"sameAs":["https:\/\/www.facebook.com\/euhabitat","https:\/\/www.linkedin.com\/company\/37749063\/"]}]}},"_links":{"self":[{"href":"https:\/\/www.euhabitat.com\/de\/wp-json\/wp\/v2\/pages\/165698","targetHints":{"allow":["GET"]}}],"collection":[{"href":"https:\/\/www.euhabitat.com\/de\/wp-json\/wp\/v2\/pages"}],"about":[{"href":"https:\/\/www.euhabitat.com\/de\/wp-json\/wp\/v2\/types\/page"}],"author":[{"embeddable":true,"href":"https:\/\/www.euhabitat.com\/de\/wp-json\/wp\/v2\/users\/1"}],"replies":[{"embeddable":true,"href":"https:\/\/www.euhabitat.com\/de\/wp-json\/wp\/v2\/comments?post=165698"}],"version-history":[{"count":4,"href":"https:\/\/www.euhabitat.com\/de\/wp-json\/wp\/v2\/pages\/165698\/revisions"}],"predecessor-version":[{"id":2584365,"href":"https:\/\/www.euhabitat.com\/de\/wp-json\/wp\/v2\/pages\/165698\/revisions\/2584365"}],"wp:attachment":[{"href":"https:\/\/www.euhabitat.com\/de\/wp-json\/wp\/v2\/media?parent=165698"}],"curies":[{"name":"wp","href":"https:\/\/api.w.org\/{rel}","templated":true}]}}